{"id":322,"date":"2022-05-29T15:23:39","date_gmt":"2022-05-29T15:23:39","guid":{"rendered":"https:\/\/www.terracuranda.org\/tc\/?page_id=322"},"modified":"2024-04-12T16:54:41","modified_gmt":"2024-04-12T16:54:41","slug":"nuestros-programas-de-radio","status":"publish","type":"page","link":"https:\/\/www.terracuranda.org\/tc\/nuestros-programas-de-radio\/","title":{"rendered":"Programas de radio"},"content":{"rendered":"\n<div class=\"wp-block-columns is-layout-flex wp-container-core-columns-is-layout-28f84493 wp-block-columns-is-layout-flex\">\n<div class=\"wp-block-column is-layout-flow wp-block-column-is-layout-flow\" style=\"flex-basis:100%\">\n<div class=\"wp-block-group\"><div class=\"wp-block-group__inner-container is-layout-flow wp-block-group-is-layout-flow\">\n<div class=\"wp-block-columns is-layout-flex wp-container-core-columns-is-layout-28f84493 wp-block-columns-is-layout-flex\">\n<div class=\"wp-block-column is-vertically-aligned-center is-layout-flow wp-block-column-is-layout-flow\" style=\"flex-basis:100%\">\n<div class=\"wp-block-columns is-layout-flex wp-container-core-columns-is-layout-28f84493 wp-block-columns-is-layout-flex\">\n<div class=\"wp-block-column is-layout-flow wp-block-column-is-layout-flow\" style=\"flex-basis:100%\">\n<div class=\"wp-block-columns is-layout-flex wp-container-core-columns-is-layout-28f84493 wp-block-columns-is-layout-flex\">\n<div class=\"wp-block-column is-layout-flow wp-block-column-is-layout-flow\">\n<h2 class=\"wp-block-heading has-text-align-center\"><strong><a href=\"http:\/\/www.radioalma.be\/#emissions\/72\" target=\"_blank\" rel=\"noreferrer noopener\">PLANETA 2030<\/a><\/strong><\/h2>\n\n\n\n<h5 class=\"wp-block-heading has-text-align-center\"><strong>LUNES<\/strong><\/h5>\n<\/div>\n\n\n\n<div class=\"wp-block-column is-layout-flow wp-block-column-is-layout-flow\">\n<h2 class=\"wp-block-heading has-text-align-center\"><strong><a href=\"http:\/\/www.radioalma.be\/#emissions\/45\" target=\"_blank\" rel=\"noreferrer noopener\">LATITUD 0 <\/a><\/strong><\/h2>\n\n\n\n<h5 class=\"wp-block-heading has-text-align-center\"><strong>MARTES<\/strong><\/h5>\n<\/div>\n<\/div>\n\n\n\n<div class=\"wp-block-columns is-layout-flex wp-container-core-columns-is-layout-28f84493 wp-block-columns-is-layout-flex\">\n<div class=\"wp-block-column is-layout-flow wp-block-column-is-layout-flow\">\n<p class=\"has-text-align-center\"><strong>18:00 a 19:00 B\u00e9lgica y 13:00 a 14:00 Argentina<\/strong> <\/p>\n\n\n\n<p class=\"has-text-align-center\"><strong>Por <a href=\"http:\/\/www.radioalma.be\" target=\"_blank\" rel=\"noreferrer noopener\">Radio Alma<\/a> FM 101.9 de Bruselas y al mundo a trav\u00e9s de <a href=\"http:\/\/www.radioalma.be\" target=\"_blank\" rel=\"noreferrer noopener\">www.radioalma.be <\/a><\/strong><\/p>\n\n\n<div class=\"wp-block-image\">\n<figure class=\"aligncenter size-large\"><img loading=\"lazy\" decoding=\"async\" width=\"1024\" height=\"585\" src=\"https:\/\/www.terracuranda.org\/tc\/wp-content\/uploads\/2024\/04\/Radio-Tierra-Agenda-2030-1024x585.jpg\" alt=\"\" class=\"wp-image-573\" srcset=\"https:\/\/www.terracuranda.org\/tc\/wp-content\/uploads\/2024\/04\/Radio-Tierra-Agenda-2030-1024x585.jpg 1024w, https:\/\/www.terracuranda.org\/tc\/wp-content\/uploads\/2024\/04\/Radio-Tierra-Agenda-2030-300x171.jpg 300w, https:\/\/www.terracuranda.org\/tc\/wp-content\/uploads\/2024\/04\/Radio-Tierra-Agenda-2030-768x439.jpg 768w, https:\/\/www.terracuranda.org\/tc\/wp-content\/uploads\/2024\/04\/Radio-Tierra-Agenda-2030-1536x878.jpg 1536w, https:\/\/www.terracuranda.org\/tc\/wp-content\/uploads\/2024\/04\/Radio-Tierra-Agenda-2030-24x14.jpg 24w, https:\/\/www.terracuranda.org\/tc\/wp-content\/uploads\/2024\/04\/Radio-Tierra-Agenda-2030-36x21.jpg 36w, https:\/\/www.terracuranda.org\/tc\/wp-content\/uploads\/2024\/04\/Radio-Tierra-Agenda-2030-48x27.jpg 48w, https:\/\/www.terracuranda.org\/tc\/wp-content\/uploads\/2024\/04\/Radio-Tierra-Agenda-2030.jpg 1792w\" sizes=\"auto, (max-width: 1024px) 100vw, 1024px\" \/><\/figure>\n<\/div><\/div>\n<\/div>\n<\/div>\n<\/div>\n<\/div>\n<\/div>\n<\/div><\/div>\n\n\n\n<div class=\"wp-block-columns is-layout-flex wp-container-core-columns-is-layout-28f84493 wp-block-columns-is-layout-flex\">\n<div class=\"wp-block-column is-layout-flow wp-block-column-is-layout-flow\">\n<div class=\"wp-block-media-text has-media-on-the-right is-stacked-on-mobile\"><div class=\"wp-block-media-text__content\">\n<div class=\"wp-block-group\"><div class=\"wp-block-group__inner-container is-layout-constrained wp-block-group-is-layout-constrained\">\n<p>Seguimos los acontecimientos del momento analiz\u00e1ndolos con la participaci\u00f3n de especialistas, cient\u00edficos y artistas, a trav\u00e9s de una co-producci\u00f3n belgo-argentina.<\/p>\n\n\n\n<p>Nuestras producciones son emitidas por Radio Alma FM 101.9 de Bruselas e internet (www.radioalma.be).<\/p>\n<\/div><\/div>\n<\/div><figure class=\"wp-block-media-text__media\"><img loading=\"lazy\" decoding=\"async\" width=\"1024\" height=\"338\" src=\"https:\/\/www.terracuranda.org\/tc\/wp-content\/uploads\/2023\/06\/image-1.png\" alt=\"\" class=\"wp-image-515 size-full\" srcset=\"https:\/\/www.terracuranda.org\/tc\/wp-content\/uploads\/2023\/06\/image-1.png 1024w, https:\/\/www.terracuranda.org\/tc\/wp-content\/uploads\/2023\/06\/image-1-300x99.png 300w, https:\/\/www.terracuranda.org\/tc\/wp-content\/uploads\/2023\/06\/image-1-768x254.png 768w, https:\/\/www.terracuranda.org\/tc\/wp-content\/uploads\/2023\/06\/image-1-24x8.png 24w, https:\/\/www.terracuranda.org\/tc\/wp-content\/uploads\/2023\/06\/image-1-36x12.png 36w, https:\/\/www.terracuranda.org\/tc\/wp-content\/uploads\/2023\/06\/image-1-48x16.png 48w\" sizes=\"auto, (max-width: 1024px) 100vw, 1024px\" \/><\/figure><\/div>\n<\/div>\n<\/div>\n<\/div>\n<\/div>\n","protected":false},"excerpt":{"rendered":"<p>PLANETA 2030 LUNES LATITUD 0 MARTES 18:00 a 19:00 B\u00e9lgica y 13:00 a 14:00 Argentina Por Radio Alma FM 101.9 de Bruselas y al mundo a trav\u00e9s de www.radioalma.be Seguimos los acontecimientos del momento analiz\u00e1ndolos con la participaci\u00f3n de especialistas, cient\u00edficos y artistas, a trav\u00e9s de una co-producci\u00f3n belgo-argentina. Nuestras producciones son emitidas por Radio [&hellip;]<\/p>\n","protected":false},"author":3,"featured_media":0,"parent":0,"menu_order":0,"comment_status":"closed","ping_status":"closed","template":"","meta":{"footnotes":""},"class_list":["post-322","page","type-page","status-publish","hentry"],"_links":{"self":[{"href":"https:\/\/www.terracuranda.org\/tc\/wp-json\/wp\/v2\/pages\/322","targetHints":{"allow":["GET"]}}],"collection":[{"href":"https:\/\/www.terracuranda.org\/tc\/wp-json\/wp\/v2\/pages"}],"about":[{"href":"https:\/\/www.terracuranda.org\/tc\/wp-json\/wp\/v2\/types\/page"}],"author":[{"embeddable":true,"href":"https:\/\/www.terracuranda.org\/tc\/wp-json\/wp\/v2\/users\/3"}],"replies":[{"embeddable":true,"href":"https:\/\/www.terracuranda.org\/tc\/wp-json\/wp\/v2\/comments?post=322"}],"version-history":[{"count":30,"href":"https:\/\/www.terracuranda.org\/tc\/wp-json\/wp\/v2\/pages\/322\/revisions"}],"predecessor-version":[{"id":579,"href":"https:\/\/www.terracuranda.org\/tc\/wp-json\/wp\/v2\/pages\/322\/revisions\/579"}],"wp:attachment":[{"href":"https:\/\/www.terracuranda.org\/tc\/wp-json\/wp\/v2\/media?parent=322"}],"curies":[{"name":"wp","href":"https:\/\/api.w.org\/{rel}","templated":true}]}}