{"id":580,"date":"2024-04-12T17:37:31","date_gmt":"2024-04-12T17:37:31","guid":{"rendered":"https:\/\/www.terracuranda.org\/tc\/?page_id=580"},"modified":"2024-04-14T01:39:12","modified_gmt":"2024-04-14T01:39:12","slug":"historias","status":"publish","type":"page","link":"https:\/\/www.terracuranda.org\/tc\/historias\/","title":{"rendered":"Historias vividas y contadas"},"content":{"rendered":"\n<div class=\"wp-block-columns alignwide is-layout-flex wp-container-core-columns-is-layout-28f84493 wp-block-columns-is-layout-flex\">\n<div class=\"wp-block-column is-layout-flow wp-block-column-is-layout-flow\" style=\"flex-basis:25%\">\n<figure class=\"wp-block-image size-full\"><img loading=\"lazy\" decoding=\"async\" width=\"512\" height=\"512\" src=\"https:\/\/www.terracuranda.org\/tc\/wp-content\/uploads\/2021\/12\/cropped-Logo-2014-mediano-3.png\" alt=\"\" class=\"wp-image-265\" srcset=\"https:\/\/www.terracuranda.org\/tc\/wp-content\/uploads\/2021\/12\/cropped-Logo-2014-mediano-3.png 512w, https:\/\/www.terracuranda.org\/tc\/wp-content\/uploads\/2021\/12\/cropped-Logo-2014-mediano-3-300x300.png 300w, https:\/\/www.terracuranda.org\/tc\/wp-content\/uploads\/2021\/12\/cropped-Logo-2014-mediano-3-150x150.png 150w, https:\/\/www.terracuranda.org\/tc\/wp-content\/uploads\/2021\/12\/cropped-Logo-2014-mediano-3-270x270.png 270w, https:\/\/www.terracuranda.org\/tc\/wp-content\/uploads\/2021\/12\/cropped-Logo-2014-mediano-3-192x192.png 192w, https:\/\/www.terracuranda.org\/tc\/wp-content\/uploads\/2021\/12\/cropped-Logo-2014-mediano-3-180x180.png 180w, https:\/\/www.terracuranda.org\/tc\/wp-content\/uploads\/2021\/12\/cropped-Logo-2014-mediano-3-32x32.png 32w\" sizes=\"auto, (max-width: 512px) 100vw, 512px\" \/><\/figure>\n<\/div>\n\n\n\n<div class=\"wp-block-column is-vertically-aligned-center is-layout-flow wp-block-column-is-layout-flow\" style=\"flex-basis:50%\">\n<h5 class=\"wp-block-heading has-text-align-center\"><strong>Realizadas por Terra curanda y emitidas por Radio Alma, FM 101.9 de Bruselas, y por Internet en www.radioalma.be<\/strong><\/h5>\n\n\n\n<h5 class=\"wp-block-heading has-text-align-center\"><strong>Proyecto ERASMUS K2 MAYORES EMBAJADORES<\/strong><\/h5>\n<\/div>\n\n\n\n<div class=\"wp-block-column is-layout-flow wp-block-column-is-layout-flow\" style=\"flex-basis:25%\">\n<figure class=\"wp-block-image size-full\"><img loading=\"lazy\" decoding=\"async\" width=\"803\" height=\"767\" src=\"https:\/\/www.terracuranda.org\/tc\/wp-content\/uploads\/2023\/05\/LOGO-ERASMUS.jpeg\" alt=\"\" class=\"wp-image-474\" srcset=\"https:\/\/www.terracuranda.org\/tc\/wp-content\/uploads\/2023\/05\/LOGO-ERASMUS.jpeg 803w, https:\/\/www.terracuranda.org\/tc\/wp-content\/uploads\/2023\/05\/LOGO-ERASMUS-300x287.jpeg 300w, https:\/\/www.terracuranda.org\/tc\/wp-content\/uploads\/2023\/05\/LOGO-ERASMUS-768x734.jpeg 768w, https:\/\/www.terracuranda.org\/tc\/wp-content\/uploads\/2023\/05\/LOGO-ERASMUS-24x24.jpeg 24w, https:\/\/www.terracuranda.org\/tc\/wp-content\/uploads\/2023\/05\/LOGO-ERASMUS-36x34.jpeg 36w, https:\/\/www.terracuranda.org\/tc\/wp-content\/uploads\/2023\/05\/LOGO-ERASMUS-48x46.jpeg 48w\" sizes=\"auto, (max-width: 803px) 100vw, 803px\" \/><\/figure>\n<\/div>\n<\/div>\n\n\n\n<div class=\"wp-block-group alignwide\"><div class=\"wp-block-group__inner-container is-layout-constrained wp-block-group-is-layout-constrained\">\n<div class=\"wp-block-columns is-layout-flex wp-container-core-columns-is-layout-28f84493 wp-block-columns-is-layout-flex\">\n<div class=\"wp-block-column is-layout-flow wp-block-column-is-layout-flow\" style=\"flex-basis:100%\">\n<div class=\"wp-block-group\"><div class=\"wp-block-group__inner-container is-layout-constrained wp-block-group-is-layout-constrained\">\n<div class=\"wp-block-columns alignwide is-layout-flex wp-container-core-columns-is-layout-28f84493 wp-block-columns-is-layout-flex\">\n<div class=\"wp-block-column is-layout-flow wp-block-column-is-layout-flow\" style=\"flex-basis:100%\">\n<div class=\"wp-block-columns alignwide is-layout-flex wp-container-core-columns-is-layout-28f84493 wp-block-columns-is-layout-flex\">\n<div class=\"wp-block-column is-layout-flow wp-block-column-is-layout-flow\">\n<h2 class=\"wp-block-heading\">Olimpia Diez Perlines<\/h2>\n\n\n\n<figure class=\"wp-block-image alignwide size-full\"><img loading=\"lazy\" decoding=\"async\" width=\"282\" height=\"363\" src=\"https:\/\/www.terracuranda.org\/tc\/wp-content\/uploads\/2024\/04\/Olimpia-D-P.jpg\" alt=\"\" class=\"wp-image-605\" srcset=\"https:\/\/www.terracuranda.org\/tc\/wp-content\/uploads\/2024\/04\/Olimpia-D-P.jpg 282w, https:\/\/www.terracuranda.org\/tc\/wp-content\/uploads\/2024\/04\/Olimpia-D-P-233x300.jpg 233w, https:\/\/www.terracuranda.org\/tc\/wp-content\/uploads\/2024\/04\/Olimpia-D-P-19x24.jpg 19w, https:\/\/www.terracuranda.org\/tc\/wp-content\/uploads\/2024\/04\/Olimpia-D-P-28x36.jpg 28w, https:\/\/www.terracuranda.org\/tc\/wp-content\/uploads\/2024\/04\/Olimpia-D-P-37x48.jpg 37w\" sizes=\"auto, (max-width: 282px) 100vw, 282px\" \/><\/figure>\n\n\n\n<figure class=\"wp-block-audio\"><audio controls src=\"https:\/\/www.terracuranda.org\/tc\/P2030-emisiones\/Planeta2030230522.mp3\"><\/audio><\/figure>\n\n\n\n<p><strong>22 de mayo 2023<\/strong><\/p>\n\n\n\n<p>Olimpia Diez Perlines, s\u00edmbolo de voluntariado, nos cuenta su historia, tanto desde su juventud de migrante a fines del franquismo, como ahora en el Atelier Marcel Hastir de Bruselas \u2013patrimonio belga<br>por su compromiso de protecci\u00f3n en la II Guerra Mundial-. Una historia de trabajo social solidario muy feliz como migrante en Bruselas.<\/p>\n\n\n\n<h2 class=\"wp-block-heading\">Federico Mayor Zaragoza<\/h2>\n\n\n\n<figure class=\"wp-block-image alignwide size-full\"><img loading=\"lazy\" decoding=\"async\" width=\"381\" height=\"214\" src=\"https:\/\/www.terracuranda.org\/tc\/wp-content\/uploads\/2024\/04\/Federio-M-Z.jpg\" alt=\"\" class=\"wp-image-616\" srcset=\"https:\/\/www.terracuranda.org\/tc\/wp-content\/uploads\/2024\/04\/Federio-M-Z.jpg 381w, https:\/\/www.terracuranda.org\/tc\/wp-content\/uploads\/2024\/04\/Federio-M-Z-300x169.jpg 300w, https:\/\/www.terracuranda.org\/tc\/wp-content\/uploads\/2024\/04\/Federio-M-Z-24x13.jpg 24w, https:\/\/www.terracuranda.org\/tc\/wp-content\/uploads\/2024\/04\/Federio-M-Z-36x20.jpg 36w, https:\/\/www.terracuranda.org\/tc\/wp-content\/uploads\/2024\/04\/Federio-M-Z-48x27.jpg 48w\" sizes=\"auto, (max-width: 381px) 100vw, 381px\" \/><\/figure>\n\n\n\n<figure class=\"wp-block-audio\"><audio controls src=\"https:\/\/www.terracuranda.org\/tc\/L0-emisiones\/Latitud0230509.mp3\"><\/audio><\/figure>\n\n\n\n<p><strong>9 de mayo 2023<\/strong><\/p>\n\n\n\n<p>En Latitud 0 dialogamos con el profesor Federico Mayor Zaragoza -Fundaci\u00f3n Cultura de Paz y exdirector de la UNESCO- nos comparte an\u00e9cdotas de su vida y sus reflexiones sobre el ejercicio de la democracia, el ciudadano de a pie, los problemas y desaf\u00edos de la IA y el futuro de la humanidad y el ecosistema.<\/p>\n\n\n\n<h2 class=\"wp-block-heading\">Lily Devos<\/h2>\n\n\n\n<figure class=\"wp-block-image alignwide size-full\"><img loading=\"lazy\" decoding=\"async\" width=\"296\" height=\"287\" src=\"https:\/\/www.terracuranda.org\/tc\/wp-content\/uploads\/2024\/04\/Lily-Devos.jpg\" alt=\"\" class=\"wp-image-622\" srcset=\"https:\/\/www.terracuranda.org\/tc\/wp-content\/uploads\/2024\/04\/Lily-Devos.jpg 296w, https:\/\/www.terracuranda.org\/tc\/wp-content\/uploads\/2024\/04\/Lily-Devos-24x24.jpg 24w, https:\/\/www.terracuranda.org\/tc\/wp-content\/uploads\/2024\/04\/Lily-Devos-36x36.jpg 36w, https:\/\/www.terracuranda.org\/tc\/wp-content\/uploads\/2024\/04\/Lily-Devos-48x48.jpg 48w\" sizes=\"auto, (max-width: 296px) 100vw, 296px\" \/><\/figure>\n\n\n\n<figure class=\"wp-block-audio\"><audio controls src=\"https:\/\/www.terracuranda.org\/tc\/P2030-emisiones\/Planeta2030230626.mp3\"><\/audio><\/figure>\n\n\n\n<p><strong>26 de junio 2023<\/strong><\/p>\n\n\n\n<p>La fil\u00f3loga y profesora de lenguas Lily Devos (CLT Leuven ) sobre el arte de aprender a lo largo de la vida y la solidaridad en el aula a partir de su sabia&nbsp; experiencia como profesora de espa\u00f1ol para extranjeros en B\u00e9lgica.<\/p>\n\n\n\n<h2 class=\"wp-block-heading\">Marife Santiago Bola\u00f1os<\/h2>\n\n\n\n<figure class=\"wp-block-image alignwide size-full\"><img loading=\"lazy\" decoding=\"async\" width=\"780\" height=\"695\" src=\"https:\/\/www.terracuranda.org\/tc\/wp-content\/uploads\/2024\/04\/Marife-Santiago-Bolanos.jpg\" alt=\"\" class=\"wp-image-625\" srcset=\"https:\/\/www.terracuranda.org\/tc\/wp-content\/uploads\/2024\/04\/Marife-Santiago-Bolanos.jpg 780w, https:\/\/www.terracuranda.org\/tc\/wp-content\/uploads\/2024\/04\/Marife-Santiago-Bolanos-300x267.jpg 300w, https:\/\/www.terracuranda.org\/tc\/wp-content\/uploads\/2024\/04\/Marife-Santiago-Bolanos-768x684.jpg 768w, https:\/\/www.terracuranda.org\/tc\/wp-content\/uploads\/2024\/04\/Marife-Santiago-Bolanos-24x21.jpg 24w, https:\/\/www.terracuranda.org\/tc\/wp-content\/uploads\/2024\/04\/Marife-Santiago-Bolanos-36x32.jpg 36w, https:\/\/www.terracuranda.org\/tc\/wp-content\/uploads\/2024\/04\/Marife-Santiago-Bolanos-48x43.jpg 48w\" sizes=\"auto, (max-width: 780px) 100vw, 780px\" \/><\/figure>\n\n\n\n<figure class=\"wp-block-audio\"><audio controls src=\"https:\/\/www.terracuranda.org\/tc\/P2030-emisiones\/Planeta2030231127.mp3\"><\/audio><\/figure>\n\n\n\n<p><strong>27 de noviembre 2023<\/strong><\/p>\n\n\n\n<p>Dialogamos con la poeta y fil\u00f3sofa Marife Santiago Bola\u00f1os ( <a href=\"https:\/\/www.facebook.com\/Universidad-Complutense-de-Madrid-108265132528930\/?__cft__%5b0%5d=AZX-bkJK1FjQSE_-4tksg2bHcvkiKW4qkPFSsBWqoW5HjlQq8QSKyI8z8Wyse1QhgwHDEs6lCSYItamNYaQ_OoMlWCQfCVqPnPFw1zLQD99qxwIbmd5MPuMNUZkUI1Ir_w4FgHT_JizBxPZLaBw5WSgE0HxkPjs672DY6Pn52nknHq10CI-jAptyc2lhDTf-qew&amp;__tn__=kK-R\">Universidad Complutense de Madrid<\/a>) sobre el filosofar en espa\u00f1ol, la raz\u00f3n po\u00e9tica de Maria Zambrano. Se ha realizado tambi\u00e9n una videoconferencia con los alumnos internacionales de la Universidad de Lovaina el 11 12 2023.<\/p>\n\n\n\n<h2 class=\"wp-block-heading\">Lino Roberto Morales<\/h2>\n\n\n\n<figure class=\"wp-block-image alignwide size-full\"><img loading=\"lazy\" decoding=\"async\" width=\"458\" height=\"441\" src=\"https:\/\/www.terracuranda.org\/tc\/wp-content\/uploads\/2024\/04\/Lino-Roberto-Morales.jpg\" alt=\"\" class=\"wp-image-629\" srcset=\"https:\/\/www.terracuranda.org\/tc\/wp-content\/uploads\/2024\/04\/Lino-Roberto-Morales.jpg 458w, https:\/\/www.terracuranda.org\/tc\/wp-content\/uploads\/2024\/04\/Lino-Roberto-Morales-300x289.jpg 300w, https:\/\/www.terracuranda.org\/tc\/wp-content\/uploads\/2024\/04\/Lino-Roberto-Morales-24x24.jpg 24w, https:\/\/www.terracuranda.org\/tc\/wp-content\/uploads\/2024\/04\/Lino-Roberto-Morales-36x36.jpg 36w, https:\/\/www.terracuranda.org\/tc\/wp-content\/uploads\/2024\/04\/Lino-Roberto-Morales-48x46.jpg 48w\" sizes=\"auto, (max-width: 458px) 100vw, 458px\" \/><\/figure>\n\n\n\n<figure class=\"wp-block-audio\"><audio controls src=\"https:\/\/www.terracuranda.org\/tc\/L0-emisiones\/Latitud0221025.mp3\"><\/audio><\/figure>\n\n\n\n<p><strong>25 de octubre 2022<\/strong><\/p>\n\n\n\n<p>El escritor Lino Roberto Morales, colaborador de los programas de radio, nos comparte algunas historias que se convierten en libros de contenido humano y pedag\u00f3gico.<\/p>\n\n\n\n<h2 class=\"wp-block-heading\">Ana Velasco<\/h2>\n\n\n\n<figure class=\"wp-block-image alignwide size-full\"><img loading=\"lazy\" decoding=\"async\" width=\"984\" height=\"644\" src=\"https:\/\/www.terracuranda.org\/tc\/wp-content\/uploads\/2024\/04\/Ana-Velasco.jpg\" alt=\"\" class=\"wp-image-633\" srcset=\"https:\/\/www.terracuranda.org\/tc\/wp-content\/uploads\/2024\/04\/Ana-Velasco.jpg 984w, https:\/\/www.terracuranda.org\/tc\/wp-content\/uploads\/2024\/04\/Ana-Velasco-300x196.jpg 300w, https:\/\/www.terracuranda.org\/tc\/wp-content\/uploads\/2024\/04\/Ana-Velasco-768x503.jpg 768w, https:\/\/www.terracuranda.org\/tc\/wp-content\/uploads\/2024\/04\/Ana-Velasco-24x16.jpg 24w, https:\/\/www.terracuranda.org\/tc\/wp-content\/uploads\/2024\/04\/Ana-Velasco-36x24.jpg 36w, https:\/\/www.terracuranda.org\/tc\/wp-content\/uploads\/2024\/04\/Ana-Velasco-48x31.jpg 48w\" sizes=\"auto, (max-width: 984px) 100vw, 984px\" \/><\/figure>\n\n\n\n<figure class=\"wp-block-audio\"><audio controls src=\"https:\/\/www.terracuranda.org\/tc\/P2030-emisiones\/Planeta2030230424.mp3\"><\/audio><\/figure>\n\n\n\n<p><strong>23 de abril 2023<\/strong><\/p>\n\n\n\n<p>Realizamos una visita al Paraninfo de la Universidad de Alcal\u00e1. Ana Velasco, quien es gestora del patrimonio cultural y cotidianamente une la historia vital de 500 a\u00f1os de historia con los paseantes que llegan hasta all\u00ed para conocer la \u201cciudad del saber\u201d. En el silencio del Paraninfo disfrutamos de un di\u00e1logo reflexivo sobre el espa\u00f1ol, la literatura, las historias vividas y contadas que se van sucediendo en Alcal\u00e1 de Henares.<\/p>\n\n\n\n<p>Lovaina es miembro de la red de ciudades cervantinas.<\/p>\n<\/div>\n\n\n\n<div class=\"wp-block-column is-layout-flow wp-block-column-is-layout-flow\">\n<h2 class=\"wp-block-heading\">Guido Convents<\/h2>\n\n\n\n<figure class=\"wp-block-image alignwide size-full\"><img loading=\"lazy\" decoding=\"async\" width=\"399\" height=\"299\" src=\"https:\/\/www.terracuranda.org\/tc\/wp-content\/uploads\/2024\/04\/Guido-Convents.jpg\" alt=\"\" class=\"wp-image-611\" srcset=\"https:\/\/www.terracuranda.org\/tc\/wp-content\/uploads\/2024\/04\/Guido-Convents.jpg 399w, https:\/\/www.terracuranda.org\/tc\/wp-content\/uploads\/2024\/04\/Guido-Convents-300x225.jpg 300w, https:\/\/www.terracuranda.org\/tc\/wp-content\/uploads\/2024\/04\/Guido-Convents-24x18.jpg 24w, https:\/\/www.terracuranda.org\/tc\/wp-content\/uploads\/2024\/04\/Guido-Convents-36x27.jpg 36w, https:\/\/www.terracuranda.org\/tc\/wp-content\/uploads\/2024\/04\/Guido-Convents-48x36.jpg 48w\" sizes=\"auto, (max-width: 399px) 100vw, 399px\" \/><\/figure>\n\n\n\n<figure class=\"wp-block-audio\"><audio controls src=\"https:\/\/www.terracuranda.org\/tc\/L0-emisiones\/Latitud0230221.mp3\"><\/audio><\/figure>\n\n\n\n<p><strong>21 de febrero 2023<\/strong><\/p>\n\n\n\n<p>En Latitud 0 dialogamos con el historiador belga Guido Convents, presidente del Film Festival de Afrika, nos relata la importancia de contar la historia belga en Africa y los avances actuales desde el Festival de Cine en Lovaina y otras ciudades belgas.<\/p>\n\n\n\n<h2 class=\"wp-block-heading\">Marianne Poncelet<\/h2>\n\n\n\n<figure class=\"wp-block-image alignwide size-full\"><img loading=\"lazy\" decoding=\"async\" width=\"235\" height=\"271\" src=\"https:\/\/www.terracuranda.org\/tc\/wp-content\/uploads\/2024\/04\/Marianne-Poncelet.png\" alt=\"\" class=\"wp-image-618\" srcset=\"https:\/\/www.terracuranda.org\/tc\/wp-content\/uploads\/2024\/04\/Marianne-Poncelet.png 235w, https:\/\/www.terracuranda.org\/tc\/wp-content\/uploads\/2024\/04\/Marianne-Poncelet-21x24.png 21w, https:\/\/www.terracuranda.org\/tc\/wp-content\/uploads\/2024\/04\/Marianne-Poncelet-31x36.png 31w, https:\/\/www.terracuranda.org\/tc\/wp-content\/uploads\/2024\/04\/Marianne-Poncelet-42x48.png 42w\" sizes=\"auto, (max-width: 235px) 100vw, 235px\" \/><\/figure>\n\n\n\n<figure class=\"wp-block-audio\"><audio controls src=\"https:\/\/www.terracuranda.org\/tc\/L0-emisiones\/Latitud0231212.mp3\"><\/audio><\/figure>\n\n\n\n<p><strong>12 de diciembre de 2023<\/strong><\/p>\n\n\n\n<p>La escritora para j\u00f3venes , Marianne Poncelet,\u00a0 cofundadora de la International Yehudi Menuhin Foundation en Bruselas y nos relata historias de vida y m\u00fasica junto al gran violinista, sobre la m\u00fasica y el arte como pilares esenciales para la educaci\u00f3n de los ni\u00f1os y a lo largo de la vida.<\/p>\n\n\n\n<h2 class=\"wp-block-heading\">Jos\u00e9 Miguel Arranz<\/h2>\n\n\n\n<figure class=\"wp-block-image alignwide size-full\"><img loading=\"lazy\" decoding=\"async\" width=\"299\" height=\"299\" src=\"https:\/\/www.terracuranda.org\/tc\/wp-content\/uploads\/2024\/04\/Jose-Miguel-Arranz.jpg\" alt=\"\" class=\"wp-image-567\" srcset=\"https:\/\/www.terracuranda.org\/tc\/wp-content\/uploads\/2024\/04\/Jose-Miguel-Arranz.jpg 299w, https:\/\/www.terracuranda.org\/tc\/wp-content\/uploads\/2024\/04\/Jose-Miguel-Arranz-150x150.jpg 150w, https:\/\/www.terracuranda.org\/tc\/wp-content\/uploads\/2024\/04\/Jose-Miguel-Arranz-24x24.jpg 24w, https:\/\/www.terracuranda.org\/tc\/wp-content\/uploads\/2024\/04\/Jose-Miguel-Arranz-36x36.jpg 36w, https:\/\/www.terracuranda.org\/tc\/wp-content\/uploads\/2024\/04\/Jose-Miguel-Arranz-48x48.jpg 48w\" sizes=\"auto, (max-width: 299px) 100vw, 299px\" \/><\/figure>\n\n\n\n<figure class=\"wp-block-audio\"><audio controls src=\"https:\/\/www.terracuranda.org\/tc\/P2030-emisiones\/Planeta2030240219.mp3\"><\/audio><\/figure>\n\n\n\n<p><strong>19 de febrero 2024<\/strong><\/p>\n\n\n\n<p>El cantautor y escritor <a href=\"https:\/\/www.facebook.com\/profile.php?id=100042860181071&amp;__cft__%5b0%5d=AZWfJE-P3-owcMH_0HsqAr8OFC5d1eHzbjsVEVEd1FByzBGqiNnZSQIp4Bkx6Y1p6vryQAJ8KncdhpaF6OxvwHqg6WKv7lGSScnDsob85knhanAXkcGcD7BE0eSnQlLYQcz528BnbcyURdOEg5qBkiiJ53i-AGm6IeLGCILhr4eYHdNxXMH2CdzZqbNzQFetGr0&amp;__tn__=-%5dK-R\">Jos\u00e9 Miguel Arranz<\/a> radicado en B\u00e9lgica nos cuenta sobre sus nuevos proyectos de m\u00fasica, el rol de la m\u00fasica y el arte en general para promover la paz en el mundo, y su tertulia de Bruselas, que cumple su 20 aniversario<\/p>\n\n\n\n<h2 class=\"wp-block-heading\">Jes\u00fas Luis-Ravelo<\/h2>\n\n\n\n<figure class=\"wp-block-image alignwide size-full\"><img loading=\"lazy\" decoding=\"async\" width=\"668\" height=\"487\" src=\"https:\/\/www.terracuranda.org\/tc\/wp-content\/uploads\/2024\/04\/Jesus-Ravelo.png\" alt=\"\" class=\"wp-image-627\" srcset=\"https:\/\/www.terracuranda.org\/tc\/wp-content\/uploads\/2024\/04\/Jesus-Ravelo.png 668w, https:\/\/www.terracuranda.org\/tc\/wp-content\/uploads\/2024\/04\/Jesus-Ravelo-300x219.png 300w, https:\/\/www.terracuranda.org\/tc\/wp-content\/uploads\/2024\/04\/Jesus-Ravelo-24x17.png 24w, https:\/\/www.terracuranda.org\/tc\/wp-content\/uploads\/2024\/04\/Jesus-Ravelo-36x26.png 36w, https:\/\/www.terracuranda.org\/tc\/wp-content\/uploads\/2024\/04\/Jesus-Ravelo-48x35.png 48w\" sizes=\"auto, (max-width: 668px) 100vw, 668px\" \/><\/figure>\n\n\n\n<figure class=\"wp-block-audio\"><audio controls src=\"https:\/\/www.terracuranda.org\/tc\/L0-emisiones\/Latitud0221122.mp3\"><\/audio><\/figure>\n\n\n\n<p><strong>22 de noviembre 2022<\/strong><\/p>\n\n\n\n<p>En Latitud 0 el formador de formadores Jes\u00fas Luis-Ravelo nos relata la historia de la educaci\u00f3n en Canarias desde los tiempos dictatoriales a los d\u00edas actuales, un largo camino de libertad.<\/p>\n\n\n\n<h2 class=\"wp-block-heading\">Jos\u00e9 Manuel Luc\u00eda Meg\u00edas<\/h2>\n\n\n\n<figure class=\"wp-block-image alignwide size-full\"><img loading=\"lazy\" decoding=\"async\" width=\"288\" height=\"288\" src=\"https:\/\/www.terracuranda.org\/tc\/wp-content\/uploads\/2024\/04\/Jose-Manuel-Lucia-Megias.jpg\" alt=\"\" class=\"wp-image-631\" srcset=\"https:\/\/www.terracuranda.org\/tc\/wp-content\/uploads\/2024\/04\/Jose-Manuel-Lucia-Megias.jpg 288w, https:\/\/www.terracuranda.org\/tc\/wp-content\/uploads\/2024\/04\/Jose-Manuel-Lucia-Megias-150x150.jpg 150w, https:\/\/www.terracuranda.org\/tc\/wp-content\/uploads\/2024\/04\/Jose-Manuel-Lucia-Megias-24x24.jpg 24w, https:\/\/www.terracuranda.org\/tc\/wp-content\/uploads\/2024\/04\/Jose-Manuel-Lucia-Megias-36x36.jpg 36w, https:\/\/www.terracuranda.org\/tc\/wp-content\/uploads\/2024\/04\/Jose-Manuel-Lucia-Megias-48x48.jpg 48w\" sizes=\"auto, (max-width: 288px) 100vw, 288px\" \/><\/figure>\n\n\n\n<figure class=\"wp-block-audio\"><audio controls src=\"https:\/\/www.terracuranda.org\/tc\/L0-emisiones\/Latitud0231121.mp3\"><\/audio><\/figure>\n\n\n\n<p><strong>21 de noviembre 2023<\/strong><\/p>\n\n\n\n<p>Jos\u00e9 Manuel Luc\u00eda Meg\u00edas, catedr\u00e1tico de la Complutense de Madrid y director de la Red de Ciudades Cervantinas, de la cual Lovaina forma parte, nos cuenta la vigencia de las historias vividas y contadas que surgen a partir de Don Quijote y otras obras cervantinas.<\/p>\n\n\n\n<h2 class=\"wp-block-heading\">Andr\u00e9s Fern\u00e1ndez<\/h2>\n\n\n\n<figure class=\"wp-block-image alignwide size-full\"><img loading=\"lazy\" decoding=\"async\" width=\"650\" height=\"904\" src=\"https:\/\/www.terracuranda.org\/tc\/wp-content\/uploads\/2024\/04\/Andres-Fernandez-50.png\" alt=\"\" class=\"wp-image-635\" srcset=\"https:\/\/www.terracuranda.org\/tc\/wp-content\/uploads\/2024\/04\/Andres-Fernandez-50.png 650w, https:\/\/www.terracuranda.org\/tc\/wp-content\/uploads\/2024\/04\/Andres-Fernandez-50-216x300.png 216w, https:\/\/www.terracuranda.org\/tc\/wp-content\/uploads\/2024\/04\/Andres-Fernandez-50-17x24.png 17w, https:\/\/www.terracuranda.org\/tc\/wp-content\/uploads\/2024\/04\/Andres-Fernandez-50-26x36.png 26w, https:\/\/www.terracuranda.org\/tc\/wp-content\/uploads\/2024\/04\/Andres-Fernandez-50-35x48.png 35w\" sizes=\"auto, (max-width: 650px) 100vw, 650px\" \/><\/figure>\n\n\n\n<figure class=\"wp-block-audio\"><audio controls src=\"https:\/\/www.terracuranda.org\/tc\/L0-emisiones\/Latitud0230418.mp3\"><\/audio><\/figure>\n\n\n\n<p><strong>18 de abril de 2023<\/strong><\/p>\n\n\n\n<p>El historiador y archivista Andr\u00e9s A. Fern\u00e1ndez G\u00f3mez reflexiona sobre la importancia de los archivos para comprender mejor la historia y nos cuenta sus trabajos sobre los archivos de Manuel de Falla. Alcal\u00e1 de Henares y Lovaina\u00a0 encuentra en los programas de radio un vinculo cultural.<\/p>\n\n\n\n<h2 class=\"wp-block-heading\">Hans Le Roy<\/h2>\n\n\n\n<figure class=\"wp-block-image alignwide size-full\"><img loading=\"lazy\" decoding=\"async\" width=\"341\" height=\"341\" src=\"https:\/\/www.terracuranda.org\/tc\/wp-content\/uploads\/2024\/04\/Hans-Le-Roy.png\" alt=\"\" class=\"wp-image-638\" srcset=\"https:\/\/www.terracuranda.org\/tc\/wp-content\/uploads\/2024\/04\/Hans-Le-Roy.png 341w, https:\/\/www.terracuranda.org\/tc\/wp-content\/uploads\/2024\/04\/Hans-Le-Roy-300x300.png 300w, https:\/\/www.terracuranda.org\/tc\/wp-content\/uploads\/2024\/04\/Hans-Le-Roy-150x150.png 150w, https:\/\/www.terracuranda.org\/tc\/wp-content\/uploads\/2024\/04\/Hans-Le-Roy-24x24.png 24w, https:\/\/www.terracuranda.org\/tc\/wp-content\/uploads\/2024\/04\/Hans-Le-Roy-36x36.png 36w, https:\/\/www.terracuranda.org\/tc\/wp-content\/uploads\/2024\/04\/Hans-Le-Roy-48x48.png 48w\" sizes=\"auto, (max-width: 341px) 100vw, 341px\" \/><\/figure>\n\n\n\n<figure class=\"wp-block-audio\"><audio controls src=\"https:\/\/www.terracuranda.org\/tc\/P2030-emisiones\/Planeta2030231218.mp3\"><\/audio><\/figure>\n\n\n\n<p><strong>18 de diciembre de 2023<\/strong><\/p>\n\n\n\n<p>El profesor de espa\u00f1ol, Hans Le Roy, quien es el presidente de la asociaci\u00f3n internacional <a href=\"https:\/\/www.facebook.com\/fiape.info?__cft__%5b0%5d=AZUgds-KQEZgw9JK3k2f-d-wpPPm06hmzqcXgS1hCwq6h6dkNI7qqNZRvyN8LTrJM9VsjHoClK784wqVAfNuI0StnUy3hsctpGb8UgzYZN6EpmIFH1wF5gBCUMwJybfSZ-VQesHqi-CxQoVmevN-vuwchP8vbRom4_bn5NmUcsK6hcF_FyJcVW0JPP_wRRNqm5c&amp;__tn__=-%5dK-R\">FIAPE<\/a>, nos cuenta como la ense\u00f1anza del espa\u00f1ol es esencial para B\u00e9lgica, y alterna con temas\u00a0 de intercambio de profesores por todo el mundo y el uso de la IA.<\/p>\n<\/div>\n<\/div>\n<\/div>\n<\/div>\n<\/div><\/div>\n<\/div>\n<\/div>\n<\/div><\/div>\n\n\n\n<p><\/p>\n","protected":false},"excerpt":{"rendered":"<p>Realizadas por Terra curanda y emitidas por Radio Alma, FM 101.9 de Bruselas, y por Internet en www.radioalma.be Proyecto ERASMUS K2 MAYORES EMBAJADORES Olimpia Diez Perlines 22 de mayo 2023 Olimpia Diez Perlines, s\u00edmbolo de voluntariado, nos cuenta su historia, tanto desde su juventud de migrante a fines del franquismo, como ahora en el Atelier [&hellip;]<\/p>\n","protected":false},"author":1,"featured_media":0,"parent":0,"menu_order":0,"comment_status":"closed","ping_status":"closed","template":"","meta":{"footnotes":""},"class_list":["post-580","page","type-page","status-publish","hentry"],"_links":{"self":[{"href":"https:\/\/www.terracuranda.org\/tc\/wp-json\/wp\/v2\/pages\/580","targetHints":{"allow":["GET"]}}],"collection":[{"href":"https:\/\/www.terracuranda.org\/tc\/wp-json\/wp\/v2\/pages"}],"about":[{"href":"https:\/\/www.terracuranda.org\/tc\/wp-json\/wp\/v2\/types\/page"}],"author":[{"embeddable":true,"href":"https:\/\/www.terracuranda.org\/tc\/wp-json\/wp\/v2\/users\/1"}],"replies":[{"embeddable":true,"href":"https:\/\/www.terracuranda.org\/tc\/wp-json\/wp\/v2\/comments?post=580"}],"version-history":[{"count":66,"href":"https:\/\/www.terracuranda.org\/tc\/wp-json\/wp\/v2\/pages\/580\/revisions"}],"predecessor-version":[{"id":662,"href":"https:\/\/www.terracuranda.org\/tc\/wp-json\/wp\/v2\/pages\/580\/revisions\/662"}],"wp:attachment":[{"href":"https:\/\/www.terracuranda.org\/tc\/wp-json\/wp\/v2\/media?parent=580"}],"curies":[{"name":"wp","href":"https:\/\/api.w.org\/{rel}","templated":true}]}}